{"id":75,"date":"2009-07-23T13:56:03","date_gmt":"2009-07-23T11:56:03","guid":{"rendered":"http:\/\/fal-ev.de\/?page_id=75"},"modified":"2015-02-27T00:22:17","modified_gmt":"2015-02-26T23:22:17","slug":"marienflies","status":"publish","type":"page","link":"http:\/\/fal-ev.de\/?page_id=75","title":{"rendered":"Naturschutzgebiet Marienflie\u00df"},"content":{"rendered":"<p><a href=\"http:\/\/fal-ev.de\/wp-content\/uploads\/2009\/07\/marienfliess.jpg\"><img loading=\"lazy\" decoding=\"async\" class=\"alignnone size-full wp-image-272\" title=\"marienfliess\" src=\"http:\/\/fal-ev.de\/wp-content\/uploads\/2009\/07\/marienfliess.jpg\" alt=\"marienfliess\" width=\"640\" height=\"447\" srcset=\"http:\/\/fal-ev.de\/wp-content\/uploads\/2009\/07\/marienfliess.jpg 640w, http:\/\/fal-ev.de\/wp-content\/uploads\/2009\/07\/marienfliess-300x209.jpg 300w\" sizes=\"auto, (max-width: 640px) 100vw, 640px\" \/><\/a><\/p>\n<p>Im Kontrast zur Mecklenburgischen Seenplatte steht die weite, sonnendurchgl\u00fchte Sandheide von Retzow, einem ehemaligen Truppen\u00fcbungsplatz. Entdecken Sie auf einsamen Wanderwegen die bl\u00fchende Magerrasen- und Heidelandschaft mit ihrer Vielzahl von Schmetterlingen, Bienen und anderem Getier.<\/p>\n<p>Wir laden Sie gern zu gef\u00fchrten Wanderungen durch das Naturschutzgebiet und Ausfl\u00fcgen in das beeindruckende Reich von Ziegenmelker und \u00d6lk\u00e4fer ein.<\/p>\n<p><br class=\"spacer_\" \/><\/p>\n<p>Naturschutzgebiet \u201eMarienflie\u00df\u201d<\/p>\n<p>Am Bahnhof 2<\/p>\n<p>19395 Ganzlin<\/p>\n<p>Tel. 03 87 37 &#8211; 2 02 07<\/p>\n<p>Fax 03 87 37 &#8211; 2 01 17<\/p>\n<p>Ansprechpartner:<\/p>\n<p>Klaus Hirrich<\/p>\n<p>Simone Rittershaus<\/p>\n<p><br class=\"spacer_\" \/><\/p>\n","protected":false},"excerpt":{"rendered":"<p>Im Kontrast zur Mecklenburgischen Seenplatte steht die weite, sonnendurchgl\u00fchte Sandheide von Retzow, einem ehemaligen Truppen\u00fcbungsplatz. Entdecken Sie auf einsamen Wanderwegen die bl\u00fchende Magerrasen- und Heidelandschaft mit ihrer Vielzahl von Schmetterlingen, Bienen und anderem Getier. Wir laden Sie gern zu gef\u00fchrten Wanderungen durch das Naturschutzgebiet und Ausfl\u00fcgen in das beeindruckende Reich von Ziegenmelker und \u00d6lk\u00e4fer ein. [&hellip;]<\/p>\n","protected":false},"author":1,"featured_media":0,"parent":0,"menu_order":8,"comment_status":"open","ping_status":"open","template":"","meta":{"footnotes":""},"class_list":["post-75","page","type-page","status-publish","hentry"],"_links":{"self":[{"href":"http:\/\/fal-ev.de\/index.php?rest_route=\/wp\/v2\/pages\/75","targetHints":{"allow":["GET"]}}],"collection":[{"href":"http:\/\/fal-ev.de\/index.php?rest_route=\/wp\/v2\/pages"}],"about":[{"href":"http:\/\/fal-ev.de\/index.php?rest_route=\/wp\/v2\/types\/page"}],"author":[{"embeddable":true,"href":"http:\/\/fal-ev.de\/index.php?rest_route=\/wp\/v2\/users\/1"}],"replies":[{"embeddable":true,"href":"http:\/\/fal-ev.de\/index.php?rest_route=%2Fwp%2Fv2%2Fcomments&post=75"}],"version-history":[{"count":8,"href":"http:\/\/fal-ev.de\/index.php?rest_route=\/wp\/v2\/pages\/75\/revisions"}],"predecessor-version":[{"id":406,"href":"http:\/\/fal-ev.de\/index.php?rest_route=\/wp\/v2\/pages\/75\/revisions\/406"}],"wp:attachment":[{"href":"http:\/\/fal-ev.de\/index.php?rest_route=%2Fwp%2Fv2%2Fmedia&parent=75"}],"curies":[{"name":"wp","href":"https:\/\/api.w.org\/{rel}","templated":true}]}}